{"id":3474,"date":"2023-11-28T20:03:47","date_gmt":"2023-11-28T20:03:47","guid":{"rendered":"https:\/\/blog.ksk.ch\/?page_id=3474"},"modified":"2023-11-29T09:51:27","modified_gmt":"2023-11-29T09:51:27","slug":"adventskalender","status":"publish","type":"page","link":"https:\/\/blog.ksk.ch\/index.php\/adventskalender\/","title":{"rendered":"KSK Adventskalender 2023"},"content":{"rendered":"\t\t<div data-elementor-type=\"wp-page\" data-elementor-id=\"3474\" class=\"elementor elementor-3474\">\n\t\t\t\t\t\t<section class=\"elementor-section elementor-top-section elementor-element elementor-element-64fcf8f elementor-section-boxed elementor-section-height-default elementor-section-height-default\" data-id=\"64fcf8f\" data-element_type=\"section\" data-e-type=\"section\">\n\t\t\t\t\t\t<div class=\"elementor-container elementor-column-gap-default\">\n\t\t\t\t\t<div class=\"elementor-column elementor-col-100 elementor-top-column elementor-element elementor-element-f0194ee\" data-id=\"f0194ee\" data-element_type=\"column\" data-e-type=\"column\">\n\t\t\t<div class=\"elementor-widget-wrap elementor-element-populated\">\n\t\t\t\t\t\t<div class=\"elementor-element elementor-element-cfb0331 elementor-widget elementor-widget-text-editor\" data-id=\"cfb0331\" data-element_type=\"widget\" data-e-type=\"widget\" data-widget_type=\"text-editor.default\">\n\t\t\t\t<div class=\"elementor-widget-container\">\n\t\t\t\t\t\t\t\t\t<p style=\"text-align: center;\"><span style=\"color: #003366;\">Liebe Angeh\u00f6rige der KSK <\/span><\/p>\n<p style=\"text-align: center;\"><span style=\"color: #003366;\">Dieser Adventskalender ist f\u00fcr euch alle!<\/span><\/p>\n<p style=\"text-align: center;\"><span style=\"color: #003366;\">Die Beitr\u00e4ge sind erst ab dem jeweiligen Tag zug\u00e4nglich. Einzelne Beitr\u00e4ge sind aus urheberrechtlichen Gr\u00fcnden nur f\u00fcr KSK-Angeh\u00f6rige gedacht und daher mit einem Passwort versehen, das ihr bereits erhalten haben solltet.<\/span><\/p>\n<p style=\"text-align: center;\"><span style=\"color: #003366;\">Wir hoffen, dass ihr Freude daran habt und w\u00fcnschen euch eine wunderbare Adventszeit.<\/span><\/p>\n<p style=\"text-align: center;\">\u00a0<\/p>\t\t\t\t\t\t\t\t<\/div>\n\t\t\t\t<\/div>\n\t\t\t\t\t<\/div>\n\t\t<\/div>\n\t\t\t\t\t<\/div>\n\t\t<\/section>\n\t\t\t\t<section class=\"elementor-section elementor-top-section elementor-element elementor-element-76743896 elementor-section-full_width elementor-section-height-default elementor-section-height-default\" data-id=\"76743896\" data-element_type=\"section\" data-e-type=\"section\" data-settings=\"{&quot;background_background&quot;:&quot;classic&quot;}\">\n\t\t\t\t\t\t<div class=\"elementor-container elementor-column-gap-default\">\n\t\t\t\t\t<div class=\"elementor-column elementor-col-100 elementor-top-column elementor-element elementor-element-2110b001\" data-id=\"2110b001\" data-element_type=\"column\" data-e-type=\"column\">\n\t\t\t<div class=\"elementor-widget-wrap elementor-element-populated\">\n\t\t\t\t\t\t<div class=\"elementor-element elementor-element-6530f58d elementor-widget elementor-widget-text-editor\" data-id=\"6530f58d\" data-element_type=\"widget\" data-e-type=\"widget\" data-widget_type=\"text-editor.default\">\n\t\t\t\t<div class=\"elementor-widget-container\">\n\t\t\t\t\t\t\t\t\t\n<figure class=\"wp-block-gallery has-nested-images columns-default is-cropped wp-block-gallery-4 is-layout-flex wp-block-gallery-is-layout-flex\"><\/figure>\n\n<figure class=\"wp-block-gallery has-nested-images columns-default is-cropped wp-block-gallery-5 is-layout-flex wp-block-gallery-is-layout-flex\"><\/figure>\n\n<div class=\"wp-block-columns is-layout-flex wp-container-core-columns-is-layout-9d6595d7 wp-block-columns-is-layout-flex\">\n<div class=\"wp-block-column is-layout-flow wp-block-column-is-layout-flow\" style=\"flex-basis: 100%;\">\n<div class=\"wp-block-columns is-layout-flex wp-container-core-columns-is-layout-9d6595d7 wp-block-columns-is-layout-flex\">\n<div class=\"wp-block-column is-layout-flow wp-block-column-is-layout-flow\" style=\"flex-basis: 100%;\">\n<div class=\"wp-block-group is-vertical is-layout-flex wp-container-core-group-is-layout-8cf370e7 wp-block-group-is-layout-flex\">\n<div class=\"wp-block-columns is-layout-flex wp-container-core-columns-is-layout-9d6595d7 wp-block-columns-is-layout-flex\">\n<div class=\"wp-block-column is-layout-flow wp-block-column-is-layout-flow\" style=\"flex-basis: 100%;\">\n<figure class=\"wp-block-table aligncenter\">\n<table class=\" aligncenter\">\n<tbody>\n<tr>\n<td><a class=\"js-timeclick\" href=\"https:\/\/blog.ksk.ch\/?page_id=3570\" data-tstamp=\"1701388801\"><img decoding=\"async\" class=\"aligncenter\" src=\"https:\/\/blog.ksk.ch\/wp-content\/uploads\/2023\/08\/1.png\" alt=\"\" width=\"200\" height=\"200\" \/><\/a><\/td>\n<td><a class=\"js-timeclick\" href=\"https:\/\/blog.ksk.ch\/?page_id=3204\" data-tstamp=\"1701475201\"><img decoding=\"async\" class=\"aligncenter\" src=\"https:\/\/blog.ksk.ch\/wp-content\/uploads\/2023\/08\/2.png\" alt=\"\" \/><\/a><\/td>\n<td><a class=\"js-timeclick\" href=\"https:\/\/blog.ksk.ch\/?page_id=3218\" data-tstamp=\"1701561601\"><img decoding=\"async\" class=\"aligncenter\" src=\"https:\/\/blog.ksk.ch\/wp-content\/uploads\/2023\/08\/3.png\" alt=\"\" \/><\/a><\/td>\n<td><a class=\"js-timeclick\" href=\"https:\/\/blog.ksk.ch\/?page_id=3030\" data-tstamp=\"1701648001\"><img decoding=\"async\" class=\"aligncenter\" src=\"https:\/\/blog.ksk.ch\/wp-content\/uploads\/2023\/08\/4.png\" alt=\"\" \/><\/a><\/td>\n<\/tr>\n<tr>\n<td><a class=\"js-timeclick\" href=\"https:\/\/blog.ksk.ch\/?page_id=3232\" data-tstamp=\"1701734401\"><img decoding=\"async\" src=\"https:\/\/blog.ksk.ch\/wp-content\/uploads\/2023\/08\/5.png\" alt=\"\" \/><\/a><\/td>\n<td><a class=\"js-timeclick\" href=\"https:\/\/blog.ksk.ch\/?page_id=3358\" data-tstamp=\"1701820801\"><img decoding=\"async\" src=\"https:\/\/blog.ksk.ch\/wp-content\/uploads\/2023\/08\/6.png\" alt=\"\" \/><\/a><\/td>\n<td><a class=\"js-timeclick\" href=\"https:\/\/blog.ksk.ch\/?page_id=3040\" data-tstamp=\"1701907201\"><img decoding=\"async\" src=\"https:\/\/blog.ksk.ch\/wp-content\/uploads\/2023\/08\/7.png\" alt=\"\" \/><\/a><\/td>\n<td><a class=\"js-timeclick\" href=\"https:\/\/blog.ksk.ch\/?page_id=3045\" data-tstamp=\"1701993601\"><img decoding=\"async\" src=\"https:\/\/blog.ksk.ch\/wp-content\/uploads\/2023\/08\/8.png\" alt=\"\" \/><\/a><\/td>\n<\/tr>\n<tr>\n<td><a class=\"js-timeclick\" href=\"https:\/\/blog.ksk.ch\/?page_id=3243\" data-tstamp=\"1702080001\"><img decoding=\"async\" src=\"https:\/\/blog.ksk.ch\/wp-content\/uploads\/2023\/08\/9.png\" alt=\"\" \/><\/a><\/td>\n<td><a class=\"js-timeclick\" href=\"https:\/\/blog.ksk.ch\/?page_id=3068\" data-tstamp=\"1702166401\"><img decoding=\"async\" src=\"https:\/\/blog.ksk.ch\/wp-content\/uploads\/2023\/08\/10.png\" alt=\"\" \/><\/a><\/td>\n<td><a class=\"js-timeclick\" href=\"https:\/\/blog.ksk.ch\/?page_id=3089\" data-tstamp=\"1702252801\"><img decoding=\"async\" src=\"https:\/\/blog.ksk.ch\/wp-content\/uploads\/2023\/08\/11.png\" alt=\"\" \/><\/a><\/td>\n<td><a class=\"js-timeclick\" href=\"https:\/\/blog.ksk.ch\/?page_id=3122\" data-tstamp=\"1702339201\"><img decoding=\"async\" src=\"https:\/\/blog.ksk.ch\/wp-content\/uploads\/2023\/08\/12.png\" alt=\"\" \/><\/a><\/td>\n<\/tr>\n<tr>\n<td><a class=\"js-timeclick\" href=\"https:\/\/blog.ksk.ch\/?page_id=3138\" data-tstamp=\"1702425601\"><img decoding=\"async\" src=\"https:\/\/blog.ksk.ch\/wp-content\/uploads\/2023\/08\/13.png\" alt=\"\" \/><\/a><\/td>\n<td><a class=\"js-timeclick\" href=\"https:\/\/blog.ksk.ch\/?page_id=3263\" data-tstamp=\"1702512001\"><img decoding=\"async\" src=\"https:\/\/blog.ksk.ch\/wp-content\/uploads\/2023\/08\/14.png\" alt=\"\" \/><\/a><\/td>\n<td><a class=\"js-timeclick\" href=\"https:\/\/blog.ksk.ch\/?page_id=3104\" data-tstamp=\"1702598401\"><img decoding=\"async\" src=\"https:\/\/blog.ksk.ch\/wp-content\/uploads\/2023\/08\/15.png\" alt=\"\" \/><\/a><\/td>\n<td><a class=\"js-timeclick\" href=\"https:\/\/blog.ksk.ch\/?page_id=3271\" data-tstamp=\"1702684801\"><img decoding=\"async\" src=\"https:\/\/blog.ksk.ch\/wp-content\/uploads\/2023\/08\/16.png\" alt=\"\" \/><\/a><\/td>\n<\/tr>\n<tr>\n<td><a class=\"js-timeclick\" href=\"https:\/\/blog.ksk.ch\/?page_id=3147\" data-tstamp=\"1702771201\"><img decoding=\"async\" src=\"https:\/\/blog.ksk.ch\/wp-content\/uploads\/2023\/08\/17.png\" alt=\"\" \/><\/a><\/td>\n<td><a class=\"js-timeclick\" href=\"https:\/\/blog.ksk.ch\/?page_id=3149\" data-tstamp=\"1702857601\"><img decoding=\"async\" src=\"https:\/\/blog.ksk.ch\/wp-content\/uploads\/2023\/08\/18.png\" alt=\"\" \/><\/a><\/td>\n<td><a class=\"js-timeclick\" href=\"https:\/\/blog.ksk.ch\/?page_id=3435\" data-tstamp=\"1702944001\"><img decoding=\"async\" src=\"https:\/\/blog.ksk.ch\/wp-content\/uploads\/2023\/08\/19.png\" alt=\"\" \/><\/a><\/td>\n<td><a class=\"js-timeclick\" href=\"https:\/\/blog.ksk.ch\/?page_id=3180\" data-tstamp=\"1703030401\"><img decoding=\"async\" src=\"https:\/\/blog.ksk.ch\/wp-content\/uploads\/2023\/08\/20.png\" alt=\"\" \/><\/a><\/td>\n<\/tr>\n<tr>\n<td><a class=\"js-timeclick\" href=\"https:\/\/blog.ksk.ch\/?page_id=3279\" data-tstamp=\"1703116801\"><img decoding=\"async\" src=\"https:\/\/blog.ksk.ch\/wp-content\/uploads\/2023\/08\/21.png\" alt=\"\" \/><\/a><\/td>\n<td><a class=\"js-timeclick\" href=\"https:\/\/blog.ksk.ch\/?page_id=3380\" data-tstamp=\"1703203201\"><img decoding=\"async\" src=\"https:\/\/blog.ksk.ch\/wp-content\/uploads\/2023\/08\/22.png\" alt=\"\" \/><\/a><\/td>\n<td><a class=\"js-timeclick\" href=\"https:\/\/blog.ksk.ch\/?page_id=3415\" data-tstamp=\"1703289601\"><img decoding=\"async\" src=\"https:\/\/blog.ksk.ch\/wp-content\/uploads\/2023\/08\/23.png\" alt=\"\" \/><\/a><\/td>\n<td><a class=\"js-timeclick\" href=\"https:\/\/blog.ksk.ch\/?page_id=3393\" data-tstamp=\"1703376001\"><img decoding=\"async\" src=\"https:\/\/blog.ksk.ch\/wp-content\/uploads\/2023\/08\/24.png\" alt=\"\" \/><\/a><\/td>\n<\/tr>\n<\/tbody>\n<\/table>\n<\/figure>\n<\/div>\n<\/div>\n<\/div>\n<\/div>\n<\/div>\n<\/div>\n<\/div>\n\n<figure class=\"wp-block-gallery has-nested-images columns-default is-cropped wp-block-gallery-6 is-layout-flex wp-block-gallery-is-layout-flex\"><\/figure>\n\t\t\t\t\t\t\t\t<\/div>\n\t\t\t\t<\/div>\n\t\t\t\t\t<\/div>\n\t\t<\/div>\n\t\t\t\t\t<\/div>\n\t\t<\/section>\n\t\t\t\t<section class=\"elementor-section elementor-top-section elementor-element elementor-element-b3744ce elementor-section-boxed elementor-section-height-default elementor-section-height-default\" data-id=\"b3744ce\" data-element_type=\"section\" data-e-type=\"section\">\n\t\t\t\t\t\t<div class=\"elementor-container elementor-column-gap-default\">\n\t\t\t\t\t<div class=\"elementor-column elementor-col-100 elementor-top-column elementor-element elementor-element-e7add17\" data-id=\"e7add17\" data-element_type=\"column\" data-e-type=\"column\">\n\t\t\t<div class=\"elementor-widget-wrap elementor-element-populated\">\n\t\t\t\t\t\t<div class=\"elementor-element elementor-element-9b07d27 elementor-widget elementor-widget-html\" data-id=\"9b07d27\" data-element_type=\"widget\" data-e-type=\"widget\" data-widget_type=\"html.default\">\n\t\t\t\t<div class=\"elementor-widget-container\">\n\t\t\t\t\t<script>\n    \/\/ Get all items with the class js-timeclick\n    const items = Array.prototype.slice.call(document.getElementsByClassName('js-timeclick'));\n    items.forEach(function(item){\n        \/\/ Add an event listener for every click\n        item.addEventListener('click', function(event){\n            \/\/ If the timestamp configured for the link hasn't passed, prevent triggering the link\n            const timestamp = this.getAttribute('data-tstamp');\n            const nowTimestamp = Math.floor(Date.now()\/1000);\n            if(timestamp > nowTimestamp){\n                event.preventDefault();\n            }\n        });\n    })\n    \n<\/script>\t\t\t\t<\/div>\n\t\t\t\t<\/div>\n\t\t\t\t\t<\/div>\n\t\t<\/div>\n\t\t\t\t\t<\/div>\n\t\t<\/section>\n\t\t\t\t<\/div>\n\t\t","protected":false},"excerpt":{"rendered":"<p>Liebe Angeh\u00f6rige der KSK Dieser Adventskalender ist f\u00fcr euch alle! Die Beitr\u00e4ge sind erst ab dem jeweiligen Tag zug\u00e4nglich. Einzelne Beitr\u00e4ge sind aus urheberrechtlichen Gr\u00fcnden&hellip;<\/p>\n<p> <a class=\"more-link\" href=\"https:\/\/blog.ksk.ch\/index.php\/adventskalender\/\">Read more<\/a><\/p>\n","protected":false},"author":8,"featured_media":0,"parent":0,"menu_order":0,"comment_status":"closed","ping_status":"closed","template":"","meta":{"footnotes":""},"class_list":["post-3474","page","type-page","status-publish"],"publishpress_future_action":{"enabled":false,"date":"2026-05-07 17:04:09","action":"change-status","newStatus":"draft","terms":[],"taxonomy":"","extraData":[]},"publishpress_future_workflow_manual_trigger":{"enabledWorkflows":[]},"_links":{"self":[{"href":"https:\/\/blog.ksk.ch\/index.php\/wp-json\/wp\/v2\/pages\/3474","targetHints":{"allow":["GET"]}}],"collection":[{"href":"https:\/\/blog.ksk.ch\/index.php\/wp-json\/wp\/v2\/pages"}],"about":[{"href":"https:\/\/blog.ksk.ch\/index.php\/wp-json\/wp\/v2\/types\/page"}],"author":[{"embeddable":true,"href":"https:\/\/blog.ksk.ch\/index.php\/wp-json\/wp\/v2\/users\/8"}],"replies":[{"embeddable":true,"href":"https:\/\/blog.ksk.ch\/index.php\/wp-json\/wp\/v2\/comments?post=3474"}],"version-history":[{"count":85,"href":"https:\/\/blog.ksk.ch\/index.php\/wp-json\/wp\/v2\/pages\/3474\/revisions"}],"predecessor-version":[{"id":3596,"href":"https:\/\/blog.ksk.ch\/index.php\/wp-json\/wp\/v2\/pages\/3474\/revisions\/3596"}],"wp:attachment":[{"href":"https:\/\/blog.ksk.ch\/index.php\/wp-json\/wp\/v2\/media?parent=3474"}],"curies":[{"name":"wp","href":"https:\/\/api.w.org\/{rel}","templated":true}]}}